{"id":27,"date":"2024-03-18T00:08:27","date_gmt":"2024-03-18T00:08:27","guid":{"rendered":"https:\/\/gestiononline.ca\/?page_id=27"},"modified":"2025-03-27T01:07:29","modified_gmt":"2025-03-27T01:07:29","slug":"nos-services","status":"publish","type":"page","link":"https:\/\/domanotaires.ca\/index.php\/nos-services\/","title":{"rendered":"Nos services"},"content":{"rendered":"\n<h3 class=\"has-large-font-size\">Nos services<\/h3>\n\n\n\n<p><em>\u2022 Financement hypoth\u00e9caire<br>\u2022 Achat et vente de propri\u00e9t\u00e9<br>\u2022 R\u00e8glement de succession<br>\u2022 Testament<br>\u2022 Mandat en cas d\u2019inaptitude<br>\u2022 Mariage<br>\u2022 Proc\u00e9dure non contentieuse<br>\u2022 M\u00e9diation familiale<br>\u2022 Droit corporatif (incorporation et association)<br>\u2022 Servitude et d\u00e9membrement du droit de propri\u00e9t\u00e9<br>\u2022 R\u00e9daction de promesse d\u2019achat<br>\u2022 Ouverture de r\u00e9gime de protection<\/em><\/p>\n","protected":false},"excerpt":{"rendered":"<p>Nos services \u2022 Financement hypoth\u00e9caire\u2022 Achat et vente de propri\u00e9t\u00e9\u2022 R\u00e8glement de succession\u2022 Testament\u2022 Mandat en cas d\u2019inaptitude\u2022 Mariage\u2022 Proc\u00e9dure non contentieuse\u2022 M\u00e9diation familiale\u2022 Droit corporatif (incorporation et association)\u2022 Servitude et d\u00e9membrement du droit de propri\u00e9t\u00e9\u2022 R\u00e9daction de promesse d\u2019achat\u2022 Ouverture de r\u00e9gime de protection<\/p>\n","protected":false},"author":1,"featured_media":0,"parent":0,"menu_order":0,"comment_status":"closed","ping_status":"closed","template":"","meta":{"footnotes":""},"class_list":["post-27","page","type-page","status-publish"],"_links":{"self":[{"href":"https:\/\/domanotaires.ca\/index.php\/wp-json\/wp\/v2\/pages\/27","targetHints":{"allow":["GET"]}}],"collection":[{"href":"https:\/\/domanotaires.ca\/index.php\/wp-json\/wp\/v2\/pages"}],"about":[{"href":"https:\/\/domanotaires.ca\/index.php\/wp-json\/wp\/v2\/types\/page"}],"author":[{"embeddable":true,"href":"https:\/\/domanotaires.ca\/index.php\/wp-json\/wp\/v2\/users\/1"}],"replies":[{"embeddable":true,"href":"https:\/\/domanotaires.ca\/index.php\/wp-json\/wp\/v2\/comments?post=27"}],"version-history":[{"count":7,"href":"https:\/\/domanotaires.ca\/index.php\/wp-json\/wp\/v2\/pages\/27\/revisions"}],"predecessor-version":[{"id":305,"href":"https:\/\/domanotaires.ca\/index.php\/wp-json\/wp\/v2\/pages\/27\/revisions\/305"}],"wp:attachment":[{"href":"https:\/\/domanotaires.ca\/index.php\/wp-json\/wp\/v2\/media?parent=27"}],"curies":[{"name":"wp","href":"https:\/\/api.w.org\/{rel}","templated":true}]}}